{"id":10,"date":"2018-05-30T17:18:39","date_gmt":"2018-05-30T17:18:39","guid":{"rendered":"http:\/\/sport-richter.de\/?page_id=10"},"modified":"2025-04-15T17:52:23","modified_gmt":"2025-04-15T17:52:23","slug":"zumba","status":"publish","type":"page","link":"https:\/\/sport-richter.de\/?page_id=10","title":{"rendered":"Muttis"},"content":{"rendered":"<p>Muttisport mit Trage oder Kinderwagen<\/p>\n<p>hat sich spezialisiert auf Sport mit dem Baby, Tanz mit dem Baby, Fitness w\u00e4hrend und nach der Schwangerschaft. In dem umfassenden Kursangebot finden sich Teile aus folgenden Bereichen wieder: Schwangerschaftsgymnastik, Schwangerenyoga, R\u00fcckbildungsgymnastik, Pilates, Core Training, Nordic Walking, Reaktiv Training, Sport mit dem Kinderwagen, Faszientraining, Tanz, High Training, Funktionelles Training, Tabata und vielem mehr. Der Kurs kann von der Krankenkasse bezuschusst werden.<\/p>\n<p><strong>Der Kurs kann \u00fcber die Krankenkasse bezuschusst werden.\u00a0<\/strong><\/p>\n<p><strong>Babymassage <\/strong><\/p>\n<p>Babymassage ist eine wirksame und liebevolle Methode deinem Baby sehr nahe zu kommen und ihm das Gef\u00fchl von Geborgenheit zu geben. Durch die Babymassage entsteht ein tiefer, liebevoller Kontakt zwischen dem Kind und seiner Mutter, seinem Vater und anderen Bezugspersonen. Sie bedeutet eine intensive gemeinsame Zeit in gesch\u00fctzter, ruhiger Umgebung. Babymassage kann auf verschiedenen Ebenen wirken: \u25cfRegulation des autonomen Nervensystems und des Immunsystems \u25cfUnterst\u00fctzung der Verdauung \u25cfReduzierung von Bl\u00e4hungen und Koliken \u25cfVertiefung der Atmung \u25cfAusgleich der K\u00f6rperspannung \u25cfUnterst\u00fctzung der individuellen Bewegungsentwicklung \u25cfSt\u00e4rkung der Eltern-Kind-Bindung Unterst\u00fctzung der elterlichen Feinf\u00fchligkeit und Kompetenz \u25cfStressabbau und Unterst\u00fctzung zum besseren Schlaf ihres Babys.<\/p>\n<p>(6 x 45 Minuten Massage, plant jedoch Vorbereitung und Nachbereitung mit 15 Minuten ein!!!)<\/p>\n<p>DEINE Anmeldung zum Kurs<\/p>\n<p><strong>Schwangerenschwimmen<\/strong><\/p>\n<p>Sport in der Schwangerschaft f\u00f6rdert die k\u00f6rperliche Fitness und kann so typischen Schwangerschaftsbeschwerden wirksam vorbeugen. So werden durch den Auftrieb des Wassers Gelenke und Bandscheiben sowie die komplette Rumpfmuskulatur stark entlastet. Dies ist eine gro\u00dfe Hilfe bei R\u00fcckenschmerzen und Gelenkproblemen, die aufgrund der zus\u00e4tzlichen Gewichtsbelastung h\u00e4ufig entstehen. Die Geb\u00e4rmutter sowie der Beckenboden werden weicher, dadurch hat das Baby mehr Raum und Verkrampfungen (insbesondere in Nacken und Schultern) l\u00f6sen sich.<\/p>\n","protected":false},"excerpt":{"rendered":"<p>Muttisport mit Trage oder Kinderwagen hat sich spezialisiert auf Sport mit dem Baby, Tanz mit dem Baby, Fitness w\u00e4hrend und nach der Schwangerschaft. In dem umfassenden Kursangebot finden sich Teile aus folgenden Bereichen wieder: Schwangerschaftsgymnastik, Schwangerenyoga, R\u00fcckbildungsgymnastik, Pilates, Core Training, &hellip;<\/p>\n<p class=\"read-more\"> <a class=\"more-link\" href=\"https:\/\/sport-richter.de\/?page_id=10\"> <span class=\"screen-reader-text\">Muttis<\/span> Read More &raquo;<\/a><\/p>\n","protected":false},"author":1,"featured_media":0,"parent":0,"menu_order":1,"comment_status":"closed","ping_status":"closed","template":"","meta":{"footnotes":""},"class_list":["post-10","page","type-page","status-publish","hentry"],"_links":{"self":[{"href":"https:\/\/sport-richter.de\/index.php?rest_route=\/wp\/v2\/pages\/10","targetHints":{"allow":["GET"]}}],"collection":[{"href":"https:\/\/sport-richter.de\/index.php?rest_route=\/wp\/v2\/pages"}],"about":[{"href":"https:\/\/sport-richter.de\/index.php?rest_route=\/wp\/v2\/types\/page"}],"author":[{"embeddable":true,"href":"https:\/\/sport-richter.de\/index.php?rest_route=\/wp\/v2\/users\/1"}],"replies":[{"embeddable":true,"href":"https:\/\/sport-richter.de\/index.php?rest_route=%2Fwp%2Fv2%2Fcomments&post=10"}],"version-history":[{"count":39,"href":"https:\/\/sport-richter.de\/index.php?rest_route=\/wp\/v2\/pages\/10\/revisions"}],"predecessor-version":[{"id":544,"href":"https:\/\/sport-richter.de\/index.php?rest_route=\/wp\/v2\/pages\/10\/revisions\/544"}],"wp:attachment":[{"href":"https:\/\/sport-richter.de\/index.php?rest_route=%2Fwp%2Fv2%2Fmedia&parent=10"}],"curies":[{"name":"wp","href":"https:\/\/api.w.org\/{rel}","templated":true}]}}