{"id":150,"date":"2019-01-31T09:46:28","date_gmt":"2019-01-31T09:46:28","guid":{"rendered":"http:\/\/sport-richter.de\/?page_id=150"},"modified":"2025-04-15T18:01:46","modified_gmt":"2025-04-15T18:01:46","slug":"erwachsene","status":"publish","type":"page","link":"https:\/\/sport-richter.de\/?page_id=150","title":{"rendered":"Erwachsene"},"content":{"rendered":"<p><strong>Fitness <\/strong>Das Workout f\u00f6rdert die Ausdauer und bringt das Herz-Kreislauf-System richtig auf Touren. Und es hat auch noch einen positiven Nebeneffekt: je nach Trainingsstand und K\u00f6rpergewicht kann man bei einem einst\u00fcndigem Workout bis zu 600 Kalorien verbrennen &#8211; einfach so durch Bewegung.<\/p>\n<p>Dieses Training ist knackig \u2013 du wirst es auch!<\/p>\n<p>Im Sommer wird gerne auch mal ein Outdoorkurs draus, der steht f\u00fcr geballte Frauenpower. Nach diesem Workout wirst Du definitiv sp\u00fcren, dass Du ordentlich was bewegt hast \u2013 und sehen wirst du es auch! In einem vielf\u00e4ltigen Mix aus Intervall,- und Zirkeltraining, \u00dcbungen mit eigenem K\u00f6rpergewicht, oder Kleinger\u00e4ten wie Hanteln wird dein ganzer K\u00f6rper neu definiert. Partner und Team\u00fcbungen motivieren dich nicht nur, sondern machen auch Spa\u00df. Deine letzte Geburt sollte mindestens 9 Monate her sein, Beckenboden und Bauchwand m\u00fcssen stabil sein. Mama sein kein Muss!<\/p>\n<p>Die 8er Karte muss Innerhalb 10 Wochen in Anspruch genommen werden. Weitere Informationen findet Ihr in den AGB&#8217;S.<\/p>\n<p><a href=\"https:\/\/sport-richter.fit-fuer-mehr.de\" target=\"_blank\" rel=\"noopener\">DEINE Anmeldung zum Kurs<\/a><\/p>\n<p><strong>Aquafitness<\/strong> Einmal im Wasser richtig ins schwitzen kommen? Kein Problem &#8211; Aquafitness ist eine gute Mischung aus Kraft\u00fcbungen, Bewegung und Ausdauer. Wassergymnastik und Aquafitness sind ein\u00a0gelenkschonendes Ganzk\u00f6rpertraining. Bei diesem Sport werden der Wasserauftrieb und der Wasserwiderstand genutzt um ein schmerzfreies, aber trotzdem effektives Training zu erm\u00f6glichen, weshalb es f\u00fcr viele Menschen mit Gelenkschmerzen geeignet ist.<\/p>\n<p><a href=\"_wp_link_placeholder\" data-wplink-edit=\"true\">DEINE Anmeldung zum Kurs<\/a><\/p>\n<p><strong>Gesund und Fit <\/strong>Du willst ges\u00fcnder leben und fitter werden? Dazu braucht es eine Menge eisernen Willen und einen guten Plan. Wie oft hat man es schon erlebt, das die guten Vors\u00e4tze innerhalb k\u00fcrzester Zeit \u00fcber Bord gegangen sind. Die Ern\u00e4hrung sp\u00e4testens in dem Gang mit den S\u00fc\u00dfigkeiten beim Einkaufen mit kleinen Hintert\u00fcrchen versehen wurde &#8211; reine Nervennahrung oder die Motivation zu mehr Bewegung am ersten Regentag lieber auf die Couch verlegt wurde. Das ist v\u00f6llig normal. Wir haben ein Konzept entwickelt in dem du in 10 Schritten eine ges\u00fcndere und sportlich-aktive Lebensweise anstrebst. <em>Das Konzept umfasst<\/em> <em>einen Ern\u00e4hrungsplan<\/em>, der sich an deine individuellen Vorlieben und Gewohnheiten anpasst und <em>ein Bewegungsplan<\/em>, der direkt auf dich abgestimmt wird. Damit die Motivation nicht auf halber Strecke verloren geht, wird alles genau dokumentiert und mit Zwischenzielen honoriert. W\u00e4hrend der Kurszeit wirst du pers\u00f6nlich betreut und angeleitet, so dass m\u00f6glichst wenig Ablenkung entsteht und der Fokus direkt auf deine Lebenseinstellung gelenkt wird.<\/p>\n<p><strong><em>* Der Kurs:<\/em><\/strong><em> ist ein sehr pers\u00f6nliches Angebot, daher nur auf Nachfrage m\u00f6glich. Starte jetzt und mach einen Termin unter kontakt@sport-richter.de oder 0175 3629723<br \/>\n<\/em><\/p>\n","protected":false},"excerpt":{"rendered":"<p>Fitness Das Workout f\u00f6rdert die Ausdauer und bringt das Herz-Kreislauf-System richtig auf Touren. Und es hat auch noch einen positiven Nebeneffekt: je nach Trainingsstand und K\u00f6rpergewicht kann man bei einem einst\u00fcndigem Workout bis zu 600 Kalorien verbrennen &#8211; einfach so &hellip;<\/p>\n<p class=\"read-more\"> <a class=\"more-link\" href=\"https:\/\/sport-richter.de\/?page_id=150\"> <span class=\"screen-reader-text\">Erwachsene<\/span> Read More &raquo;<\/a><\/p>\n","protected":false},"author":1,"featured_media":0,"parent":0,"menu_order":2,"comment_status":"closed","ping_status":"closed","template":"","meta":{"footnotes":""},"class_list":["post-150","page","type-page","status-publish","hentry"],"_links":{"self":[{"href":"https:\/\/sport-richter.de\/index.php?rest_route=\/wp\/v2\/pages\/150","targetHints":{"allow":["GET"]}}],"collection":[{"href":"https:\/\/sport-richter.de\/index.php?rest_route=\/wp\/v2\/pages"}],"about":[{"href":"https:\/\/sport-richter.de\/index.php?rest_route=\/wp\/v2\/types\/page"}],"author":[{"embeddable":true,"href":"https:\/\/sport-richter.de\/index.php?rest_route=\/wp\/v2\/users\/1"}],"replies":[{"embeddable":true,"href":"https:\/\/sport-richter.de\/index.php?rest_route=%2Fwp%2Fv2%2Fcomments&post=150"}],"version-history":[{"count":23,"href":"https:\/\/sport-richter.de\/index.php?rest_route=\/wp\/v2\/pages\/150\/revisions"}],"predecessor-version":[{"id":531,"href":"https:\/\/sport-richter.de\/index.php?rest_route=\/wp\/v2\/pages\/150\/revisions\/531"}],"wp:attachment":[{"href":"https:\/\/sport-richter.de\/index.php?rest_route=%2Fwp%2Fv2%2Fmedia&parent=150"}],"curies":[{"name":"wp","href":"https:\/\/api.w.org\/{rel}","templated":true}]}}