{"id":2,"date":"2014-11-21T04:51:49","date_gmt":"2014-11-21T04:51:49","guid":{"rendered":"http:\/\/localhost\/wordpress-4.0.1\/wordpress\/?page_id=2"},"modified":"2023-12-05T10:22:47","modified_gmt":"2023-12-05T10:22:47","slug":"sample-page","status":"publish","type":"page","link":"https:\/\/sport-richter.de\/?page_id=2","title":{"rendered":"Kindergeburtstag"},"content":{"rendered":"<p><strong>Ihr m\u00f6chtet mal was au\u00dfergew\u00f6hnliches zum Geburtstag, Firmenfeier, Vereinsfest???<\/strong><\/p>\n<p>Wir richten Ihren Geburtstag aus.<\/p>\n<p>Sie m\u00f6chten einen tollen, stressfreien Kindergeburtstag?<\/p>\n<p>Dann sind wir genau richtig f\u00fcr Sie. Von Dekoration \u00fcber Spiele, kleine Gastgeschenke bis hin zur Betreuung k\u00f6nnen Sie Ihren Geburtstag selbst gestalten. Nat\u00fcrlich auch Feenparty oder Superhelden, Mottoparty jeder Art, auch au\u00dferhalb richten wir gerne zu Geburtstagen, Hochzeiten, Vereinsfeste oder Familienfeiern aus.\u00a0<\/p>\n<p><strong>Auch Equipment f\u00fcr Euren Geburtstag d\u00fcrft ihr bei uns ausleihen.<\/strong><\/p>\n<p>H\u00fcpfburgen, Zuckerwatten Maschine, Bierzeltgarnitur, Stehtische, Spielzeug, Schatzsuchen und vieles mehr.<\/p>\n<p><a href=\"http:\/\/sport-richter.de\/wp-content\/uploads\/2021\/09\/2.jpg\"><img loading=\"lazy\" decoding=\"async\" class=\"size-medium wp-image-330\" src=\"http:\/\/sport-richter.de\/wp-content\/uploads\/2021\/09\/2-300x200.jpg\" alt=\"\" width=\"300\" height=\"200\" srcset=\"https:\/\/sport-richter.de\/wp-content\/uploads\/2021\/09\/2-300x200.jpg 300w, https:\/\/sport-richter.de\/wp-content\/uploads\/2021\/09\/2-100x67.jpg 100w, https:\/\/sport-richter.de\/wp-content\/uploads\/2021\/09\/2-150x100.jpg 150w, https:\/\/sport-richter.de\/wp-content\/uploads\/2021\/09\/2-200x133.jpg 200w, https:\/\/sport-richter.de\/wp-content\/uploads\/2021\/09\/2-450x300.jpg 450w, https:\/\/sport-richter.de\/wp-content\/uploads\/2021\/09\/2.jpg 509w\" sizes=\"auto, (max-width: 300px) 100vw, 300px\" \/><\/a><\/p>\n<ul>\n<li>E-Mail an kontakt@sport-richter.de oder 0175 3629723<\/li>\n<\/ul>\n\n\n<figure class=\"wp-block-gallery has-nested-images columns-default is-cropped wp-block-gallery-1 is-layout-flex wp-block-gallery-is-layout-flex\"><\/figure>\n","protected":false},"excerpt":{"rendered":"<p>Ihr m\u00f6chtet mal was au\u00dfergew\u00f6hnliches zum Geburtstag, Firmenfeier, Vereinsfest??? Wir richten Ihren Geburtstag aus. Sie m\u00f6chten einen tollen, stressfreien Kindergeburtstag? Dann sind wir genau richtig f\u00fcr Sie. Von Dekoration \u00fcber Spiele, kleine Gastgeschenke bis hin zur Betreuung k\u00f6nnen Sie Ihren &hellip;<\/p>\n<p class=\"read-more\"> <a class=\"more-link\" href=\"https:\/\/sport-richter.de\/?page_id=2\"> <span class=\"screen-reader-text\">Kindergeburtstag<\/span> Read More &raquo;<\/a><\/p>\n","protected":false},"author":1,"featured_media":514,"parent":0,"menu_order":4,"comment_status":"closed","ping_status":"open","template":"","meta":{"footnotes":""},"class_list":["post-2","page","type-page","status-publish","has-post-thumbnail","hentry"],"_links":{"self":[{"href":"https:\/\/sport-richter.de\/index.php?rest_route=\/wp\/v2\/pages\/2","targetHints":{"allow":["GET"]}}],"collection":[{"href":"https:\/\/sport-richter.de\/index.php?rest_route=\/wp\/v2\/pages"}],"about":[{"href":"https:\/\/sport-richter.de\/index.php?rest_route=\/wp\/v2\/types\/page"}],"author":[{"embeddable":true,"href":"https:\/\/sport-richter.de\/index.php?rest_route=\/wp\/v2\/users\/1"}],"replies":[{"embeddable":true,"href":"https:\/\/sport-richter.de\/index.php?rest_route=%2Fwp%2Fv2%2Fcomments&post=2"}],"version-history":[{"count":17,"href":"https:\/\/sport-richter.de\/index.php?rest_route=\/wp\/v2\/pages\/2\/revisions"}],"predecessor-version":[{"id":482,"href":"https:\/\/sport-richter.de\/index.php?rest_route=\/wp\/v2\/pages\/2\/revisions\/482"}],"wp:featuredmedia":[{"embeddable":true,"href":"https:\/\/sport-richter.de\/index.php?rest_route=\/wp\/v2\/media\/514"}],"wp:attachment":[{"href":"https:\/\/sport-richter.de\/index.php?rest_route=%2Fwp%2Fv2%2Fmedia&parent=2"}],"curies":[{"name":"wp","href":"https:\/\/api.w.org\/{rel}","templated":true}]}}