{"id":308,"date":"2021-09-20T08:09:23","date_gmt":"2021-09-20T08:09:23","guid":{"rendered":"http:\/\/sport-richter.de\/?page_id=308"},"modified":"2023-12-04T12:09:15","modified_gmt":"2023-12-04T12:09:15","slug":"allgemeine-geschaeftsbedingungen","status":"publish","type":"page","link":"https:\/\/sport-richter.de\/?page_id=308","title":{"rendered":"AGB"},"content":{"rendered":"<p><u>Allgemeine Gesch\u00e4ftsbedingungen<\/u><\/p>\n<p><strong>Sport-Richter<\/strong><\/p>\n<p><strong>\u00a0<\/strong><\/p>\n<ul>\n<li>1 Geltungsbereich \u2013 Vertragsgegenstand<\/li>\n<\/ul>\n<p>Unsere AGB gelten f\u00fcr die Teilnahme an allen von uns angebotenen Leistungen (Zwergensport, Sport-Richter Kurse, Personal Training, Firmenfitness, Aus- und Fortbildung, andere Angebote mit der Firma Sport-Richter) nach Ma\u00dfgabe des zwischen uns und dem Teilnehmer\/ Mitglied geschlossenen Vertrages.<\/p>\n<p>Unsere AGB gelten sowohl gegen\u00fcber Verbrauchern als auch gegen\u00fcber Unternehmern, es sei denn, in der jeweiligen Klausel wird eine Differenzierung vorgenommen.<\/p>\n<p>Gegenstand des Vertrages ist entweder die Mitgliedschaft als Abo-Inhaber oder die Teilnahme an einem bestimmten Kurs auf Basis von Einzeltickets, 8er-\/ 10er Karten und Aus- und Fortbildungen, andere geschlossene Vertr\u00e4ge.<\/p>\n<ul>\n<li>2 Angebot und Vertragsschluss<br \/>\nDer Vertrag kommt aufgrund der m\u00fcndlichen Vereinbarung, Onlineanmeldung des Teilnehmers\/Mitglieds unter www.sport-richter.de mit seiner E-Mail-Adresse und schriftlicher Best\u00e4tigung per E-Mail, oder schriftlich durch uns zustande. Anmeldungen zu Kursen werden grunds\u00e4tzlich in der Reihenfolge ihres Eingangs ber\u00fccksichtigt. Diese Anmeldung ist verbindlich und der Kurs ist auch bei Nichtteilnahme, Abbruch zu bezahlen. Unsere AGB gelten sowohl gegen\u00fcber Verbrauchern als auch gegen\u00fcber Unternehmern, es sei denn, in der jeweiligen Klausel wird eine Differenzierung vorgenommen. Jede\/r Teilnehmer\/in muss vor der 1. Trainingseinheit die AGB\u00b4 s zur Kenntnis genommen haben und diese schriftlich best\u00e4tigen.<\/li>\n<li>3 Entgelt und Zahlungsbedingungen<br \/>\nDer Teilnehmer eines Kurses ist verpflichtet, das Teilnahmeentgelt vor Beginn der ersten Kursstunde in Bar oder per \u00dcberweisung zu bezahlen. Die H\u00f6he richtet sich nach unserer jeweils zum Vertragsschluss g\u00fcltigen Preisliste. Eine Erstattung der Kursgeb\u00fchr ist nur aus Kulanz und pers\u00f6nlicher Absprache m\u00f6glich. Der Kursbeitrag ist bis sp\u00e4testens zum f\u00fcnften Werktag des Monats zu begleichen. Sollte dies nicht geschehen, wird automatisch eine Mahngeb\u00fchr in H\u00f6he von 7,50 \u20ac in Rechnung gestellt.<\/li>\n<\/ul>\n<p>Der Mitgliedsbeitrag im Abo ist monatlich zu entrichten. Alle anderen Kurse, Aus- und Fortbildung sind nach erhalt der Rechnung zu bezahlen. Sollte dies nicht geschehen, wird automatisch eine Mahngeb\u00fchr in H\u00f6he von 7,50 \u20ac in Rechnung gestellt. Besteht eine Mitgliedschaft\/Abo ist nach 6 Monaten k\u00fcndbar und danach 4 Wochen vor Ablauf der gew\u00e4hlten Laufzeit zu k\u00fcndigen, anderenfalls verl\u00e4ngert sich das Abo um einen weiteren Monat.<\/p>\n<ul>\n<li>4 Allgemeines<br \/>\nSollte aus sonstigen Gr\u00fcnden wie h\u00f6herer Gewalt, einer Pandemie oder \u00c4hnliches die angebotene Stunde nicht stattfinden, so ist der Veranstalter zu keinerlei Schadensersatz verpflichtet. Sollte es zu l\u00e4ngerer Erkrankung der Kursleiter(in) kommen, beh\u00e4lt sich Sport-Richter jederzeit eine Stunden\u00e4nderung vor. Geplanter Urlaub sind regul\u00e4r 11 Wochen im Jahr. Dieser wird rechtzeitig, mindestens 4 Wochen vorher, vom Inhaber bekannt gegeben. Ein Ersatz findet nicht statt.<\/li>\n<\/ul>\n<ul>\n<li>5 Teilnahme<br \/>\nDer Kursteilnehmer hat die M\u00f6glichkeit, die gekaufte 8er-\/ 10er Karte innerhalb von 12 Wochen abzutrainieren, andernfalls verfallen die restlichen Stunden. Eine Verl\u00e4ngerung von 2 Wochen, ist nur nach pers\u00f6nlicher Absprache m\u00f6glich. Die Nichtteilnahme am Kurs ist bis sp\u00e4testens 8 Stunden vor Kursbeginn bei der Trainerin pers\u00f6nlich abzumelden. Ansonsten gilt die Stunde als teilgenommen und verf\u00e4llt. Es gilt die Mindestteilnehmerzahl von 5 Personen in einer Stunde. Sollte diese Personenanzahl in einer Stunde nicht erreicht werden, beh\u00e4lt sich die Trainerin die g\u00e4nzliche Absage der Stunde vor. Bei Krankheit der Trainerin wird der Kurs rechtzeitig abgesagt.<\/li>\n<\/ul>\n<p>Bei der Abrechnung \u00fcber die Krankenkasse muss die Teilnahme mindestens 6 von 8 Einheiten erfolgen. Erst nach Teilnahme der 6 von 8 Einheiten wird eine Best\u00e4tigung f\u00fcr die Krankenkasse ausgestellt.<\/p>\n<ul>\n<li>6 K\u00f6rperliche Verfassung<\/li>\n<\/ul>\n<p>Die Angaben im ausgef\u00fcllten Fragebogen m\u00fcssen der Richtigkeit entsprechen. Bei Nichtangabe von Erkrankungen bzw. regelm\u00e4\u00dfiger Medikamenteneinnahme des Teilnehmers ist Sport-Richter nicht haftbar.<\/p>\n<p>Empfehlung zur Gesundheit des Mitglieds:<br \/>\nAnika Richter empfiehlt ihren Mitgliedern, ihre Sporttauglichkeit vor Trainingsbeginn durch einen Arzt ihrer Wahl \u00fcberpr\u00fcfen zu lassen.<\/p>\n<ul>\n<li>7 Eigenverantwortung<br \/>\nDie Teilnahme an jedem Sportkurs ist mit einem Verletzungsrisiko verbunden. Die Kursteilnahme erfolgt auf eigene Gefahr. Schadenersatzanspr\u00fcche jeglicher Art sind ausgeschlossen. Die Trainerin \u00fcbernimmt keine Haftung f\u00fcr abhanden gekommene Gegenst\u00e4nde, sowie f\u00fcr Unf\u00e4lle jeglicher Art w\u00e4hrend und nach der Veranstaltung gegen\u00fcber Kursteilnehmern und Dritten.<\/li>\n<\/ul>\n<ul>\n<li>8 Form von Erkl\u00e4rungen<\/li>\n<\/ul>\n<p>Rechtserhebliche Erkl\u00e4rungen und Anzeigen, die der Teilnehmer\/das Mitglied gegen\u00fcber uns oder einem Dritten abzugeben hat, bed\u00fcrfen der Schriftform.<\/p>\n<p>Anika Richter beh\u00e4lt sich vor, w\u00e4hrend der Trainingszeiten Fotos und Videos aufzunehmen, um diese f\u00fcr Promotion-Zwecke zu nutzen. Die Teilnehmer werden vorab dar\u00fcber informiert und haben jederzeit die M\u00f6glichkeit, unter kontakt@sport-richter.de einer Ver\u00f6ffentlichung zu widersprechen.<\/p>\n<ul>\n<li>9 Haftungsausschluss<br \/>\nDer Teilnehmer f\u00fchrt das individuelle Trainings- und\/ oder Ern\u00e4hrungsprogramm sowie alle Coaching und Events von Sport Richter freiwillig und auf eigene Verantwortung durch. Der Teilnehmer f\u00fchlt sich k\u00f6rperlich und geistig gesund und verpflichtet sich, sich \u00e4rztlich durchchecken zu lassen und bei Problemen Feedback zu erteilen.<\/li>\n<\/ul>\n<p>Schadensersatzanspr\u00fcche jeglicher Art sind ausgeschlossen. Grunds\u00e4tzlich haftet die Betreiberin nur im Rahmen der gesetzlichen Bestimmungen. Die Betreiberin \u00fcbernimmt keine Haftung f\u00fcr abhandengekommene Gegenst\u00e4nde sowie f\u00fcr Unf\u00e4lle jeglicher Art w\u00e4hrend und nach der Veranstaltung gegen\u00fcber Kursteilnehmern und Dritten.<\/p>\n<p>Die Kursleiterin haftet nicht f\u00fcr Unf\u00e4lle, die durch Nichteinhaltung der Sicherheitsanweisung \/ Trainingsanweisung oder durch falsche Angaben des Teilnehmers zu seiner k\u00f6rperlichen Verfassung verursacht werden. Sind Sehhilfen\/H\u00f6rhilfen erforderlich, \u00fcbernimmt die Kursleiterin keine Haftung bei Verlust oder Besch\u00e4digung.<\/p>\n<p>F\u00fcr Zerst\u00f6rungen, Besch\u00e4digungen oder Abhandenkommen von mitgebrachten Sachen\/Gegenst\u00e4nden wird keine Haftung \u00fcbernommen, auch nicht, wenn diese Gegenst\u00e4nde in die Obhut des Trainerpersonals gegeben werden.<\/p>\n<ul>\n<li>10 Datenschutz<br \/>\nDie \u00fcbermittelten pers\u00f6nlichen und unternehmensbezogenen Daten des Kunden werden von Sport-Richter ausschlie\u00dflich zu Zwecken der Vertragsabwicklung gespeichert.<\/li>\n<\/ul>\n<p>Dem Kursteilnehmer ist bekannt und er willigt darin ein, dass seine f\u00fcr die Durchf\u00fchrung der Dienstleistungen notwendigen pers\u00f6nlichen Daten gespeichert und genutzt werden.<\/p>\n<p>Sport-Richter verpflichtet sich f\u00fcr den Fall zur sofortigen L\u00f6schung der pers\u00f6nlichen Daten. Auf Wunsch des Kunden gibt Sport-Richter jederzeit Auskunft \u00fcber die von ihm gespeicherten Daten. Diese Auskunft kann auf Verlangen des Kunden auch elektronisch erteilt werden. Es gilt die salvatorische Klausel nach \u00a7 306 BgB.<\/p>\n<p><u>Schriftliche Einwilligung gem\u00e4\u00df Datenschutz<\/u><\/p>\n<p><u>\u00a0<\/u><\/p>\n<p>Die im Vertrag angegebenen personenbezogenen Daten, insbesondere Name, Anschrift, Telefonnummer, Bankdaten, die allein zum Zwecke der Durchf\u00fchrung des entstehenden Vertragsverh\u00e4ltnisses notwendig und erforderlich sind, werden auf Grundlage gesetzlicher Berechtigungen erhoben.<\/p>\n<p>F\u00fcr jede dar\u00fcber hinausgehende Nutzung der personenbezogenen Daten und die Erhebung zus\u00e4tzlicher Informationen bedarf es regelm\u00e4\u00dfig der Einwilligung des Betroffenen. Eine solche Einwilligung k\u00f6nnen Sie im folgenden Abschnitt freiwillig erteilen.<\/p>\n<p><u>\u00a0<\/u><\/p>\n<p><u>Einwilligung in die Datennutzung zu weiteren Zwecken<\/u><\/p>\n<p><u>\u00a0<\/u><\/p>\n<p>Sind Sie mit den folgenden Nutzungszwecken einverstanden, kreuzen Sie diese bitte entsprechend an. Wollen Sie keine Einwilligung erteilen, lassen Sie die Felder bitte frei.<\/p>\n<p>\u25a2 Ich willige ein, dass Sport-Richter in den Kursen Bilder von mir oder meinem Kind machen darf (keine Gesichter). Die Bilder d\u00fcrfen f\u00fcr Werbezwecke genutzt werden.<\/p>\n<p>\u25a2 Ich willige ein, dass mir Sport \u2013 Richter per E-Mail\/Telefon\/Fax\/SMS Informationen und Angebote zu weiteren Zwecken \u00fcbersenden darf.<\/p>\n<p>\u25a2 Ich willige ein, dass Sport \u2013 Richter mich telefonisch oder schriftlich kontaktieren darf.<\/p>\n<p>\u00ad<u>_____________________________________<\/u><\/p>\n<p>Datum, Ort und Unterschrift<\/p>\n","protected":false},"excerpt":{"rendered":"<p>Allgemeine Gesch\u00e4ftsbedingungen Sport-Richter \u00a0 1 Geltungsbereich \u2013 Vertragsgegenstand Unsere AGB gelten f\u00fcr die Teilnahme an allen von uns angebotenen Leistungen (Zwergensport, Sport-Richter Kurse, Personal Training, Firmenfitness, Aus- und Fortbildung, andere Angebote mit der Firma Sport-Richter) nach Ma\u00dfgabe des zwischen uns &hellip;<\/p>\n<p class=\"read-more\"> <a class=\"more-link\" href=\"https:\/\/sport-richter.de\/?page_id=308\"> <span class=\"screen-reader-text\">AGB<\/span> Read More &raquo;<\/a><\/p>\n","protected":false},"author":2,"featured_media":0,"parent":0,"menu_order":7,"comment_status":"closed","ping_status":"closed","template":"","meta":{"footnotes":""},"class_list":["post-308","page","type-page","status-publish","hentry"],"_links":{"self":[{"href":"https:\/\/sport-richter.de\/index.php?rest_route=\/wp\/v2\/pages\/308","targetHints":{"allow":["GET"]}}],"collection":[{"href":"https:\/\/sport-richter.de\/index.php?rest_route=\/wp\/v2\/pages"}],"about":[{"href":"https:\/\/sport-richter.de\/index.php?rest_route=\/wp\/v2\/types\/page"}],"author":[{"embeddable":true,"href":"https:\/\/sport-richter.de\/index.php?rest_route=\/wp\/v2\/users\/2"}],"replies":[{"embeddable":true,"href":"https:\/\/sport-richter.de\/index.php?rest_route=%2Fwp%2Fv2%2Fcomments&post=308"}],"version-history":[{"count":5,"href":"https:\/\/sport-richter.de\/index.php?rest_route=\/wp\/v2\/pages\/308\/revisions"}],"predecessor-version":[{"id":488,"href":"https:\/\/sport-richter.de\/index.php?rest_route=\/wp\/v2\/pages\/308\/revisions\/488"}],"wp:attachment":[{"href":"https:\/\/sport-richter.de\/index.php?rest_route=%2Fwp%2Fv2%2Fmedia&parent=308"}],"curies":[{"name":"wp","href":"https:\/\/api.w.org\/{rel}","templated":true}]}}