{"id":8,"date":"2018-05-30T17:17:37","date_gmt":"2018-05-30T17:17:37","guid":{"rendered":"http:\/\/sport-richter.de\/?page_id=8"},"modified":"2024-09-05T15:21:58","modified_gmt":"2024-09-05T15:21:58","slug":"kunga","status":"publish","type":"page","link":"https:\/\/sport-richter.de\/?page_id=8","title":{"rendered":"Kinder"},"content":{"rendered":"<p><em>Kinder lieben Bewegung.<\/em> Schon in den ersten Lebensmonaten entdecken sie durch drehen und greifen ihre Umgebung und auch ihre eigenen F\u00e4higkeiten. Sowie sie den ersten Dreh raus haben, sind sie nicht mehr zu bremsen &#8211; krabbeln, toben, klettern, werfen &#8211; sie sind immer in Aktion.<\/p>\n<p>Um die Bewegungsbed\u00fcrfnisse der Kleinen optimal zu f\u00f6rdern, haben wir verschiedene Kurse im Angebot, perfekt abgestimmt auf das jeweilige Alter ihres Kindes.<\/p>\n<p><strong><em>Zwergensport<\/em><\/strong><\/p>\n<p>Kreativit\u00e4t ist gefragt. Toben, Spielen, Klettern, Singen, Fingerspiele &#8211; mit viel Geschick wird der Bewegungsdrang der Kleinsten in sportliche Aktivit\u00e4ten gelenkt. Das schult die motorischen F\u00e4higkeiten und tr\u00e4gt zur Pers\u00f6nlichkeitsentwicklung Ihres Kindes bei. Die Kinder lernen in der Gruppe soziale Bindungen aufzubauen, testen Grenzen aus und st\u00e4rken das Gemeinschaftsgef\u00fchl. Gemeinsam mit den Eltern werden einfach Turn- und Spiel\u00fcbungen zu sportlichen Herausforderungen.<\/p>\n<p>Bei sch\u00f6nem Wetter geht es raus und wir werden zu verschiedenen Themen sporteln. Ist es warm genug, werden die Kurse ins Erlebnisbad Zahna verlegt.<\/p>\n<p><a href=\"https:\/\/sport-richter.fit-fuer-mehr.de\" target=\"_blank\" rel=\"noopener\">DEINE Anmeldung zum Kurs<\/a><\/p>\n<p><em><strong>Babyschwimmen<\/strong><\/em><\/p>\n<p>Der Kurs Babyschwimmen 13-24 Monate, wendet sich an M\u00fctter und V\u00e4ter mit ihren S\u00e4uglingen von drei bis zw\u00f6lf Monate. Die Eltern erlernen wichtige und vor allem sichere Handgriffe und Haltetechniken und sehen, wie ihr Baby die gro\u00dfe Bewegungsm\u00f6glichkeit im Wasser nutzt.<\/p>\n<p><span style=\"color: #3366ff;\">DEINE Anmeldung zum Kurs<\/span><\/p>\n<p><strong><em>Kleinkindschwimmen<\/em><\/strong><\/p>\n<p>Hier handelt es sich um ein Eltern-Kind Schwimmkurs, m\u00f6glich ab dem Alter von ca. 2 bis 4 (4,5) Jahren, je nach Kind und Wassererfahrung. Alle Kinder nehmen den Kurs in Begleitung JE eines Elternteils wahr! Das Ziel ist die Wassergew\u00f6hnung zur Vorbereitung auf einen Schwimmlernkurs! Nach zumeist schon l\u00e4ngerer Teilnahme am Schwimmen in der elterlichen Obhut ist die Wassersicherheit der Kinder zwischen 1 und 4 Jahren meist schon so gro\u00df, dass sie ihre \u201eSchwimmk\u00fcnste\u201c weiter erforschen und entwickeln wollen. Feste Gruppen und gewohnte Strukturen verst\u00e4rken die positive Auswirkung auf die psychosoziale Entwicklung der Kinder. Bitte geben Sie Ihrem Kind Zeit zum Lernen, dann wird es zuk\u00fcnftig auch Freude daran haben, schwimmen zu gehen. Die Lerngeschwindigkeit geben die Kinder vor! Der Schwimm-Termin kann schon bald fester Bestandteil Ihres Familienkalenders sein.<\/p>\n<p><span style=\"color: #3366ff;\">DEINE Anmeldung zum Kurs<\/span><\/p>\n","protected":false},"excerpt":{"rendered":"<p>Kinder lieben Bewegung. Schon in den ersten Lebensmonaten entdecken sie durch drehen und greifen ihre Umgebung und auch ihre eigenen F\u00e4higkeiten. Sowie sie den ersten Dreh raus haben, sind sie nicht mehr zu bremsen &#8211; krabbeln, toben, klettern, werfen &#8211; &hellip;<\/p>\n<p class=\"read-more\"> <a class=\"more-link\" href=\"https:\/\/sport-richter.de\/?page_id=8\"> <span class=\"screen-reader-text\">Kinder<\/span> Read More &raquo;<\/a><\/p>\n","protected":false},"author":1,"featured_media":512,"parent":0,"menu_order":3,"comment_status":"closed","ping_status":"closed","template":"","meta":{"footnotes":""},"class_list":["post-8","page","type-page","status-publish","has-post-thumbnail","hentry"],"_links":{"self":[{"href":"https:\/\/sport-richter.de\/index.php?rest_route=\/wp\/v2\/pages\/8","targetHints":{"allow":["GET"]}}],"collection":[{"href":"https:\/\/sport-richter.de\/index.php?rest_route=\/wp\/v2\/pages"}],"about":[{"href":"https:\/\/sport-richter.de\/index.php?rest_route=\/wp\/v2\/types\/page"}],"author":[{"embeddable":true,"href":"https:\/\/sport-richter.de\/index.php?rest_route=\/wp\/v2\/users\/1"}],"replies":[{"embeddable":true,"href":"https:\/\/sport-richter.de\/index.php?rest_route=%2Fwp%2Fv2%2Fcomments&post=8"}],"version-history":[{"count":36,"href":"https:\/\/sport-richter.de\/index.php?rest_route=\/wp\/v2\/pages\/8\/revisions"}],"predecessor-version":[{"id":537,"href":"https:\/\/sport-richter.de\/index.php?rest_route=\/wp\/v2\/pages\/8\/revisions\/537"}],"wp:featuredmedia":[{"embeddable":true,"href":"https:\/\/sport-richter.de\/index.php?rest_route=\/wp\/v2\/media\/512"}],"wp:attachment":[{"href":"https:\/\/sport-richter.de\/index.php?rest_route=%2Fwp%2Fv2%2Fmedia&parent=8"}],"curies":[{"name":"wp","href":"https:\/\/api.w.org\/{rel}","templated":true}]}}